{"id":23,"date":"2024-04-11T11:46:49","date_gmt":"2024-04-11T09:46:49","guid":{"rendered":"https:\/\/bmpdbg.pl\/?page_id=23"},"modified":"2024-12-26T02:06:42","modified_gmt":"2024-12-26T01:06:42","slug":"home","status":"publish","type":"page","link":"https:\/\/bmpdbg.pl\/","title":{"rendered":"Home"},"content":{"rendered":"\t\t<div data-elementor-type=\"wp-page\" data-elementor-id=\"23\" class=\"elementor elementor-23\">\n\t\t\t\t<div class=\"elementor-element elementor-element-79685c2 e-flex e-con-boxed e-con e-parent\" data-id=\"79685c2\" data-element_type=\"container\">\n\t\t\t\t\t<div class=\"e-con-inner\">\n\t\t\t\t<div class=\"elementor-element elementor-element-19e152c elementor-widget elementor-widget-heading\" data-id=\"19e152c\" data-element_type=\"widget\" data-widget_type=\"heading.default\">\n\t\t\t\t<div class=\"elementor-widget-container\">\n\t\t\t\t\t<h2 class=\"elementor-heading-title elementor-size-default\">\"Mi\u0142ujcie si\u0119 wzajemnie mi\u0142o\u015bci\u0105 bratersk\u0105,<\/br>\nwyprzedzaj\u0105c jedni drugich w okazywaniu szacunku\"<\/h2>\t\t\t\t<\/div>\n\t\t\t\t<\/div>\n\t\t\t\t<div class=\"elementor-element elementor-element-7ece849 elementor-widget elementor-widget-heading\" data-id=\"7ece849\" data-element_type=\"widget\" data-widget_type=\"heading.default\">\n\t\t\t\t<div class=\"elementor-widget-container\">\n\t\t\t\t\t<h2 class=\"elementor-heading-title elementor-size-default\">List do Rzymian 12, 10<\/h2>\t\t\t\t<\/div>\n\t\t\t\t<\/div>\n\t\t\t\t\t<\/div>\n\t\t\t\t<\/div>\n\t\t<div class=\"elementor-element elementor-element-9343977 e-flex e-con-boxed e-con e-parent\" data-id=\"9343977\" data-element_type=\"container\">\n\t\t\t\t\t<div class=\"e-con-inner\">\n\t\t<div class=\"elementor-element elementor-element-1d558b4 e-con-full e-flex e-con e-child\" data-id=\"1d558b4\" data-element_type=\"container\">\n\t\t\t\t<div class=\"elementor-element elementor-element-83b21f2 elementor-widget elementor-widget-heading\" data-id=\"83b21f2\" data-element_type=\"widget\" data-widget_type=\"heading.default\">\n\t\t\t\t<div class=\"elementor-widget-container\">\n\t\t\t\t\t<h2 class=\"elementor-heading-title elementor-size-default\">Bractwo M\u0142odzie\u017cy Prawos\u0142awnej w Polsce<\/h2>\t\t\t\t<\/div>\n\t\t\t\t<\/div>\n\t\t\t\t<div class=\"elementor-element elementor-element-fa6945c elementor-widget elementor-widget-image\" data-id=\"fa6945c\" data-element_type=\"widget\" data-widget_type=\"image.default\">\n\t\t\t\t<div class=\"elementor-widget-container\">\n\t\t\t\t\t\t\t\t\t\t\t\t\t\t\t\t<a href=\"https:\/\/www.facebook.com\/BractwoMlodziezyPrawoslawnej\">\n\t\t\t\t\t\t\t<img fetchpriority=\"high\" decoding=\"async\" width=\"1043\" height=\"1065\" src=\"https:\/\/bmpdbg.pl\/wp-content\/uploads\/2024\/04\/Kopia-logotyp-BMP-kolor.png\" class=\"elementor-animation-grow attachment-2048x2048 size-2048x2048 wp-image-267\" alt=\"\" srcset=\"https:\/\/bmpdbg.pl\/wp-content\/uploads\/2024\/04\/Kopia-logotyp-BMP-kolor.png 1043w, https:\/\/bmpdbg.pl\/wp-content\/uploads\/2024\/04\/Kopia-logotyp-BMP-kolor-294x300.png 294w, https:\/\/bmpdbg.pl\/wp-content\/uploads\/2024\/04\/Kopia-logotyp-BMP-kolor-1003x1024.png 1003w, https:\/\/bmpdbg.pl\/wp-content\/uploads\/2024\/04\/Kopia-logotyp-BMP-kolor-147x150.png 147w, https:\/\/bmpdbg.pl\/wp-content\/uploads\/2024\/04\/Kopia-logotyp-BMP-kolor-768x784.png 768w, https:\/\/bmpdbg.pl\/wp-content\/uploads\/2024\/04\/Kopia-logotyp-BMP-kolor-59x60.png 59w\" sizes=\"(max-width: 1043px) 100vw, 1043px\" \/>\t\t\t\t\t\t\t\t<\/a>\n\t\t\t\t\t\t\t\t\t\t\t\t\t\t\t<\/div>\n\t\t\t\t<\/div>\n\t\t\t\t<div class=\"elementor-element elementor-element-150350b elementor-widget elementor-widget-heading\" data-id=\"150350b\" data-element_type=\"widget\" data-widget_type=\"heading.default\">\n\t\t\t\t<div class=\"elementor-widget-container\">\n\t\t\t\t\t<h2 class=\"elementor-heading-title elementor-size-default\">Bractwa Diecezjalne<\/h2>\t\t\t\t<\/div>\n\t\t\t\t<\/div>\n\t\t<div class=\"elementor-element elementor-element-842e048 e-con-full e-flex e-con e-child\" data-id=\"842e048\" data-element_type=\"container\">\n\t\t\t\t<div class=\"elementor-element elementor-element-21de0d2 elementor-widget elementor-widget-image\" data-id=\"21de0d2\" data-element_type=\"widget\" data-widget_type=\"image.default\">\n\t\t\t\t<div class=\"elementor-widget-container\">\n\t\t\t\t\t\t\t\t\t\t\t\t\t\t\t\t<a href=\"https:\/\/www.facebook.com\/BMPDWB\/\">\n\t\t\t\t\t\t\t<img decoding=\"async\" width=\"150\" height=\"150\" src=\"https:\/\/bmpdbg.pl\/wp-content\/uploads\/2024\/04\/48375974_2168611946529482_5236926251909775360_o-150x150-1.png\" class=\"elementor-animation-grow attachment-2048x2048 size-2048x2048 wp-image-271\" alt=\"\" srcset=\"https:\/\/bmpdbg.pl\/wp-content\/uploads\/2024\/04\/48375974_2168611946529482_5236926251909775360_o-150x150-1.png 150w, https:\/\/bmpdbg.pl\/wp-content\/uploads\/2024\/04\/48375974_2168611946529482_5236926251909775360_o-150x150-1-60x60.png 60w\" sizes=\"(max-width: 150px) 100vw, 150px\" \/>\t\t\t\t\t\t\t\t<\/a>\n\t\t\t\t\t\t\t\t\t\t\t\t\t\t\t<\/div>\n\t\t\t\t<\/div>\n\t\t\t\t<div class=\"elementor-element elementor-element-4e984ce elementor-widget elementor-widget-image\" data-id=\"4e984ce\" data-element_type=\"widget\" data-widget_type=\"image.default\">\n\t\t\t\t<div class=\"elementor-widget-container\">\n\t\t\t\t\t\t\t\t\t\t\t\t\t\t\t\t<a href=\"https:\/\/www.facebook.com\/BMPDWSZ\/\">\n\t\t\t\t\t\t\t<img decoding=\"async\" width=\"150\" height=\"150\" src=\"https:\/\/bmpdbg.pl\/wp-content\/uploads\/2024\/04\/4ZcAYvHVwrqB5KHcnk8bk6g3dBRXw3GB-150x150-1.png\" class=\"elementor-animation-grow attachment-2048x2048 size-2048x2048 wp-image-269\" alt=\"\" srcset=\"https:\/\/bmpdbg.pl\/wp-content\/uploads\/2024\/04\/4ZcAYvHVwrqB5KHcnk8bk6g3dBRXw3GB-150x150-1.png 150w, https:\/\/bmpdbg.pl\/wp-content\/uploads\/2024\/04\/4ZcAYvHVwrqB5KHcnk8bk6g3dBRXw3GB-150x150-1-60x60.png 60w\" sizes=\"(max-width: 150px) 100vw, 150px\" \/>\t\t\t\t\t\t\t\t<\/a>\n\t\t\t\t\t\t\t\t\t\t\t\t\t\t\t<\/div>\n\t\t\t\t<\/div>\n\t\t\t\t<div class=\"elementor-element elementor-element-bcf3453 elementor-widget elementor-widget-image\" data-id=\"bcf3453\" data-element_type=\"widget\" data-widget_type=\"image.default\">\n\t\t\t\t<div class=\"elementor-widget-container\">\n\t\t\t\t\t\t\t\t\t\t\t\t\t\t\t\t<a href=\"https:\/\/www.facebook.com\/bmpdlch\/\">\n\t\t\t\t\t\t\t<img loading=\"lazy\" decoding=\"async\" width=\"150\" height=\"150\" src=\"https:\/\/bmpdbg.pl\/wp-content\/uploads\/2024\/04\/20507399_1624078927636715_999044409135034663_o-150x150-1.jpg\" class=\"elementor-animation-grow attachment-2048x2048 size-2048x2048 wp-image-270\" alt=\"\" srcset=\"https:\/\/bmpdbg.pl\/wp-content\/uploads\/2024\/04\/20507399_1624078927636715_999044409135034663_o-150x150-1.jpg 150w, https:\/\/bmpdbg.pl\/wp-content\/uploads\/2024\/04\/20507399_1624078927636715_999044409135034663_o-150x150-1-60x60.jpg 60w\" sizes=\"(max-width: 150px) 100vw, 150px\" \/>\t\t\t\t\t\t\t\t<\/a>\n\t\t\t\t\t\t\t\t\t\t\t\t\t\t\t<\/div>\n\t\t\t\t<\/div>\n\t\t\t\t<div class=\"elementor-element elementor-element-ab6e240 elementor-widget elementor-widget-image\" data-id=\"ab6e240\" data-element_type=\"widget\" data-widget_type=\"image.default\">\n\t\t\t\t<div class=\"elementor-widget-container\">\n\t\t\t\t\t\t\t\t\t\t\t\t\t\t\t\t<a href=\"https:\/\/www.facebook.com\/profile.php?id=100064880942348\">\n\t\t\t\t\t\t\t<img loading=\"lazy\" decoding=\"async\" width=\"150\" height=\"150\" src=\"https:\/\/bmpdbg.pl\/wp-content\/uploads\/2024\/04\/logo-DLP-150x150-1.jpeg\" class=\"elementor-animation-grow attachment-2048x2048 size-2048x2048 wp-image-268\" alt=\"\" srcset=\"https:\/\/bmpdbg.pl\/wp-content\/uploads\/2024\/04\/logo-DLP-150x150-1.jpeg 150w, https:\/\/bmpdbg.pl\/wp-content\/uploads\/2024\/04\/logo-DLP-150x150-1-60x60.jpeg 60w\" sizes=\"(max-width: 150px) 100vw, 150px\" \/>\t\t\t\t\t\t\t\t<\/a>\n\t\t\t\t\t\t\t\t\t\t\t\t\t\t\t<\/div>\n\t\t\t\t<\/div>\n\t\t\t\t<div class=\"elementor-element elementor-element-1524511 elementor-widget elementor-widget-image\" data-id=\"1524511\" data-element_type=\"widget\" data-widget_type=\"image.default\">\n\t\t\t\t<div class=\"elementor-widget-container\">\n\t\t\t\t\t\t\t\t\t\t\t\t\t\t\t\t<a href=\"https:\/\/www.facebook.com\/BMPDPG\/\">\n\t\t\t\t\t\t\t<img loading=\"lazy\" decoding=\"async\" width=\"150\" height=\"150\" src=\"https:\/\/bmpdbg.pl\/wp-content\/uploads\/2024\/04\/19260477_2336112449946769_910906366329561952_n-150x150-1.png\" class=\"elementor-animation-grow attachment-2048x2048 size-2048x2048 wp-image-272\" alt=\"\" srcset=\"https:\/\/bmpdbg.pl\/wp-content\/uploads\/2024\/04\/19260477_2336112449946769_910906366329561952_n-150x150-1.png 150w, https:\/\/bmpdbg.pl\/wp-content\/uploads\/2024\/04\/19260477_2336112449946769_910906366329561952_n-150x150-1-60x60.png 60w\" sizes=\"(max-width: 150px) 100vw, 150px\" \/>\t\t\t\t\t\t\t\t<\/a>\n\t\t\t\t\t\t\t\t\t\t\t\t\t\t\t<\/div>\n\t\t\t\t<\/div>\n\t\t\t\t<\/div>\n\t\t\t\t<\/div>\n\t\t\t\t\t<\/div>\n\t\t\t\t<\/div>\n\t\t\t\t<\/div>\n\t\t","protected":false},"excerpt":{"rendered":"<p>&#8222;Mi\u0142ujcie si\u0119 wzajemnie mi\u0142o\u015bci\u0105 bratersk\u0105, wyprzedzaj\u0105c jedni drugich w okazywaniu szacunku&#8221; List do Rzymian 12, 10 Bractwo M\u0142odzie\u017cy Prawos\u0142awnej w [&hellip;]<\/p>\n","protected":false},"author":1,"featured_media":0,"parent":0,"menu_order":0,"comment_status":"closed","ping_status":"closed","template":"","meta":{"site-sidebar-layout":"default","site-content-layout":"","ast-site-content-layout":"default","site-content-style":"default","site-sidebar-style":"default","ast-global-header-display":"","ast-banner-title-visibility":"","ast-main-header-display":"","ast-hfb-above-header-display":"","ast-hfb-below-header-display":"","ast-hfb-mobile-header-display":"","site-post-title":"","ast-breadcrumbs-content":"","ast-featured-img":"","footer-sml-layout":"","theme-transparent-header-meta":"","adv-header-id-meta":"","stick-header-meta":"","header-above-stick-meta":"","header-main-stick-meta":"","header-below-stick-meta":"","astra-migrate-meta-layouts":"default","ast-page-background-enabled":"default","ast-page-background-meta":{"desktop":{"background-color":"var(--ast-global-color-4)","background-image":"","background-repeat":"repeat","background-position":"center center","background-size":"auto","background-attachment":"scroll","background-type":"","background-media":"","overlay-type":"","overlay-color":"","overlay-opacity":"","overlay-gradient":""},"tablet":{"background-color":"","background-image":"","background-repeat":"repeat","background-position":"center center","background-size":"auto","background-attachment":"scroll","background-type":"","background-media":"","overlay-type":"","overlay-color":"","overlay-opacity":"","overlay-gradient":""},"mobile":{"background-color":"","background-image":"","background-repeat":"repeat","background-position":"center center","background-size":"auto","background-attachment":"scroll","background-type":"","background-media":"","overlay-type":"","overlay-color":"","overlay-opacity":"","overlay-gradient":""}},"ast-content-background-meta":{"desktop":{"background-color":"var(--ast-global-color-5)","background-image":"","background-repeat":"repeat","background-position":"center center","background-size":"auto","background-attachment":"scroll","background-type":"","background-media":"","overlay-type":"","overlay-color":"","overlay-opacity":"","overlay-gradient":""},"tablet":{"background-color":"var(--ast-global-color-5)","background-image":"","background-repeat":"repeat","background-position":"center center","background-size":"auto","background-attachment":"scroll","background-type":"","background-media":"","overlay-type":"","overlay-color":"","overlay-opacity":"","overlay-gradient":""},"mobile":{"background-color":"var(--ast-global-color-5)","background-image":"","background-repeat":"repeat","background-position":"center center","background-size":"auto","background-attachment":"scroll","background-type":"","background-media":"","overlay-type":"","overlay-color":"","overlay-opacity":"","overlay-gradient":""}},"footnotes":""},"class_list":["post-23","page","type-page","status-publish","hentry"],"aioseo_notices":[],"_links":{"self":[{"href":"https:\/\/bmpdbg.pl\/index.php?rest_route=\/wp\/v2\/pages\/23","targetHints":{"allow":["GET"]}}],"collection":[{"href":"https:\/\/bmpdbg.pl\/index.php?rest_route=\/wp\/v2\/pages"}],"about":[{"href":"https:\/\/bmpdbg.pl\/index.php?rest_route=\/wp\/v2\/types\/page"}],"author":[{"embeddable":true,"href":"https:\/\/bmpdbg.pl\/index.php?rest_route=\/wp\/v2\/users\/1"}],"replies":[{"embeddable":true,"href":"https:\/\/bmpdbg.pl\/index.php?rest_route=%2Fwp%2Fv2%2Fcomments&post=23"}],"version-history":[{"count":25,"href":"https:\/\/bmpdbg.pl\/index.php?rest_route=\/wp\/v2\/pages\/23\/revisions"}],"predecessor-version":[{"id":587,"href":"https:\/\/bmpdbg.pl\/index.php?rest_route=\/wp\/v2\/pages\/23\/revisions\/587"}],"wp:attachment":[{"href":"https:\/\/bmpdbg.pl\/index.php?rest_route=%2Fwp%2Fv2%2Fmedia&parent=23"}],"curies":[{"name":"wp","href":"https:\/\/api.w.org\/{rel}","templated":true}]}}